{"id":15063,"date":"2011-04-07T00:13:57","date_gmt":"2011-04-07T04:13:57","guid":{"rendered":"http:\/\/encuentroalsur.com\/?page_id=15063"},"modified":"2011-04-26T17:46:15","modified_gmt":"2011-04-26T21:46:15","slug":"pensamientos","status":"publish","type":"page","link":"https:\/\/encuentroalsur.com\/?page_id=15063","title":{"rendered":"Pensamientos"},"content":{"rendered":"<p>En esta secci\u00f3n incluiremos textos de los llamados g\u00e9neros cortos, as\u00ed denominados por algunos especialistas de la literatura.\u00a0 La secci\u00f3n incluir\u00e1 pensamientos, aforismos, proverbios, m\u00e1ximas y afirmaciones de tono sentencioso que llaman la atenci\u00f3n sobre algunos asuntos de \u00edndole \u00e9tico, moral, filos\u00f3fico y existencial, asi como pensamientos que recogen la mirada personal del entorno cotidiano.\u00a0 En general se trata de sentencias en torno a la conducta humana en el intrincado mundo social. Sentencias que trascienden culturas y credos y que son expresadas en diversos escenarios y tonos donde domina el juego de palabras y las asociaciones ingeniosas, simb\u00f3licas y de m\u00faltiples significados.<\/p>\n<p>El folclor puertorrique\u00f1o en general y el salinense, en particular, poseen una gran riqueza en g\u00e9neros cortos, normalmente de car\u00e1cter an\u00f3nimo o vinculado alg\u00fan personaje pueblerino. En esta secci\u00f3n, sin embargo queremos recoger no \u00fanicamente los g\u00e9neros cortos populares sino lo que producen los autores de Salinas, de Puerto Rico y del mundo.<\/p>\n<p>Sabemos que en Salinas hay varios autores que cultivan exitosamente este g\u00e9nero por lo que esta secci\u00f3n de <strong><em>Encuentro\u2026 Al Sur <\/em><\/strong>est\u00e1 dedicada a ellos.<\/p>\n<p>Nuestra dedicatoria a los escritores:<\/p>\n<p style=\"text-align:center;\"><strong>Jos\u00e9 Alberto Santiago<\/strong> y <strong>Jovino Gonz\u00e1lez<\/strong><\/p>\n<p>Escriba sus pensamientos utilizando los encasillados de comentarios<\/p>\n<p>Bienvenidos al mundo de los g\u00e9neros cortos.<\/p>\n","protected":false},"excerpt":{"rendered":"<p>En esta secci\u00f3n incluiremos textos de los llamados g\u00e9neros cortos, as\u00ed denominados por algunos especialistas de la literatura.\u00a0 La secci\u00f3n incluir\u00e1 pensamientos, aforismos, proverbios, m\u00e1ximas y afirmaciones de tono sentencioso que llaman la atenci\u00f3n sobre algunos asuntos de \u00edndole \u00e9tico, moral, filos\u00f3fico y existencial, asi como pensamientos que recogen la mirada personal del entorno cotidiano.\u00a0 [&hellip;]<\/p>\n","protected":false},"author":5533328,"featured_media":0,"parent":0,"menu_order":5,"comment_status":"open","ping_status":"open","template":"","meta":{"_coblocks_attr":"","_coblocks_dimensions":"","_coblocks_responsive_height":"","_coblocks_accordion_ie_support":"","_crdt_document":"","advanced_seo_description":"","jetpack_seo_html_title":"","jetpack_seo_noindex":false,"jetpack_post_was_ever_published":false,"footnotes":""},"class_list":["post-15063","page","type-page","status-publish","hentry"],"jetpack_likes_enabled":true,"jetpack_sharing_enabled":true,"jetpack_shortlink":"https:\/\/wp.me\/Pmbkf-3UX","amp_enabled":true,"_links":{"self":[{"href":"https:\/\/encuentroalsur.com\/index.php?rest_route=\/wp\/v2\/pages\/15063","targetHints":{"allow":["GET"]}}],"collection":[{"href":"https:\/\/encuentroalsur.com\/index.php?rest_route=\/wp\/v2\/pages"}],"about":[{"href":"https:\/\/encuentroalsur.com\/index.php?rest_route=\/wp\/v2\/types\/page"}],"author":[{"embeddable":true,"href":"https:\/\/encuentroalsur.com\/index.php?rest_route=\/wp\/v2\/users\/5533328"}],"replies":[{"embeddable":true,"href":"https:\/\/encuentroalsur.com\/index.php?rest_route=%2Fwp%2Fv2%2Fcomments&post=15063"}],"version-history":[{"count":6,"href":"https:\/\/encuentroalsur.com\/index.php?rest_route=\/wp\/v2\/pages\/15063\/revisions"}],"predecessor-version":[{"id":15065,"href":"https:\/\/encuentroalsur.com\/index.php?rest_route=\/wp\/v2\/pages\/15063\/revisions\/15065"}],"wp:attachment":[{"href":"https:\/\/encuentroalsur.com\/index.php?rest_route=%2Fwp%2Fv2%2Fmedia&parent=15063"}],"curies":[{"name":"wp","href":"https:\/\/api.w.org\/{rel}","templated":true}]}}